{"id":278019,"date":"2024-04-09T17:46:57","date_gmt":"2024-04-09T16:46:57","guid":{"rendered":"https:\/\/dkcampo.wuaze.com\/?page_id=278019"},"modified":"2024-09-25T13:25:48","modified_gmt":"2024-09-25T12:25:48","slug":"sobre-nosotros","status":"publish","type":"page","link":"https:\/\/www.roofrental.es\/?page_id=278019","title":{"rendered":"Sobre Nosotros"},"content":{"rendered":"<p>[et_pb_section fb_built=\u00bb1&#8243; admin_label=\u00bbMission\u00bb _builder_version=\u00bb4.24.2&#8243; _module_preset=\u00bbdefault\u00bb background_color=\u00bb#FFFFFF\u00bb custom_padding=\u00bb||0px|||\u00bb collapsed=\u00bbon\u00bb global_colors_info=\u00bb{}\u00bb][et_pb_row column_structure=\u00bb2_5,3_5&#8243; _builder_version=\u00bb4.27.0&#8243; _module_preset=\u00bbdefault\u00bb width=\u00bb70%\u00bb custom_padding=\u00bb||85px||false|false\u00bb hover_enabled=\u00bb0&#8243; global_colors_info=\u00bb{}\u00bb sticky_enabled=\u00bb0&#8243; make_equal=\u00bbon\u00bb use_custom_gutter=\u00bbon\u00bb gutter_width=\u00bb1&#8243;][et_pb_column type=\u00bb2_5&#8243; admin_label=\u00bbColumna\u00bb _builder_version=\u00bb4.27.0&#8243; _module_preset=\u00bbdefault\u00bb custom_padding=\u00bb|0%|||false|false\u00bb custom_padding_tablet=\u00bb|0%|||false|false\u00bb custom_padding_phone=\u00bb\u00bb custom_padding_last_edited=\u00bbon|phone\u00bb hover_enabled=\u00bb0&#8243; global_colors_info=\u00bb{}\u00bb sticky_enabled=\u00bb0&#8243;][et_pb_text admin_label=\u00bbTexto\u00bb _builder_version=\u00bb4.27.0&#8243; _module_preset=\u00bb_initial\u00bb text_font=\u00bb||||||||\u00bb header_2_font=\u00bbInter|700|||||||\u00bb header_2_text_color=\u00bb#1F4F7F\u00bb header_2_font_size=\u00bb38px\u00bb header_2_line_height=\u00bb1.2em\u00bb custom_margin=\u00bb|-109px|10px||false|false\u00bb custom_padding=\u00bb|0px|16px|||\u00bb hover_enabled=\u00bb0&#8243; header_2_font_size_tablet=\u00bb32px\u00bb header_2_font_size_phone=\u00bb20px\u00bb header_2_font_size_last_edited=\u00bbon|desktop\u00bb global_colors_info=\u00bb{}\u00bb sticky_enabled=\u00bb0&#8243;]<\/p>\n<h2 style=\"text-align: right;\"><strong>\u00a0 \u00a0\u00bfQuienes somos?<\/strong><\/h2>\n<p>[\/et_pb_text][et_pb_text _builder_version=\u00bb4.27.0&#8243; _module_preset=\u00bb_initial\u00bb text_font=\u00bbRoboto|300|||||||\u00bb text_font_size=\u00bb16px\u00bb text_line_height=\u00bb1.8em\u00bb link_font=\u00bb||||on||||\u00bb width=\u00bb100%\u00bb max_width_tablet=\u00bb\u00bb max_width_phone=\u00bb90%\u00bb max_width_last_edited=\u00bbon|phone\u00bb custom_margin=\u00bb|0px|0px||false|false\u00bb hover_enabled=\u00bb0&#8243; text_font_size_tablet=\u00bb15px\u00bb text_font_size_phone=\u00bb14px\u00bb text_font_size_last_edited=\u00bbon|desktop\u00bb global_colors_info=\u00bb{}\u00bb sticky_enabled=\u00bb0&#8243; module_alignment=\u00bbright\u00bb custom_padding=\u00bb||63px|||\u00bb]<\/p>\n<p style=\"text-align: left; padding-left: 80px;\">Impulsamos Comunidades a tu medida. Trabajamos para que la energ\u00eda limpia est\u00e9 al alcance de todos. Tengas o no tejado.<\/p>\n<p style=\"text-align: left; padding-left: 40px;\">Existimos porque necesitamos modificar nuestra relaci\u00f3n actual con la energ\u00eda que consumimos.<\/p>\n<p style=\"text-align: left;\">Impulsamos comunidades para que vecinos, empresas y ayuntamientos puedan disfrutar de energ\u00eda solar, en las mejores condiciones para cada caso.<\/p>\n<p>[\/et_pb_text][\/et_pb_column][et_pb_column type=\u00bb3_5&#8243; _builder_version=\u00bb4.22.0&#8243; _module_preset=\u00bbdefault\u00bb global_colors_info=\u00bb{}\u00bb][et_pb_image src=\u00bbhttp:\/\/www.roofrental.es\/wp-content\/uploads\/2024\/09\/roof3.png\u00bb title_text=\u00bbroof3&#8243; _builder_version=\u00bb4.27.0&#8243; _module_preset=\u00bbdefault\u00bb hover_enabled=\u00bb0&#8243; global_colors_info=\u00bb{}\u00bb align=\u00bbcenter\u00bb custom_margin=\u00bb28px||||false|false\u00bb sticky_enabled=\u00bb0&#8243; max_width=\u00bb100%\u00bb width=\u00bb100%\u00bb height=\u00bb100%\u00bb][\/et_pb_image][\/et_pb_column][\/et_pb_row][\/et_pb_section][et_pb_section fb_built=\u00bb1&#8243; admin_label=\u00bbMission\u00bb _builder_version=\u00bb4.27.0&#8243; _module_preset=\u00bbdefault\u00bb background_color=\u00bbrgba(31,79,127,0.68)\u00bb custom_padding=\u00bb49px|||||\u00bb hover_enabled=\u00bb0&#8243; collapsed=\u00bbon\u00bb global_colors_info=\u00bb{}\u00bb sticky_enabled=\u00bb0&#8243;][et_pb_row column_structure=\u00bb1_2,1_2&#8243; _builder_version=\u00bb4.27.0&#8243; _module_preset=\u00bbdefault\u00bb width=\u00bb70%\u00bb hover_enabled=\u00bb0&#8243; global_colors_info=\u00bb{}\u00bb sticky_enabled=\u00bb0&#8243; make_equal=\u00bbon\u00bb][et_pb_column type=\u00bb1_2&#8243; admin_label=\u00bbColumna\u00bb _builder_version=\u00bb4.27.0&#8243; _module_preset=\u00bbdefault\u00bb hover_enabled=\u00bb0&#8243; global_colors_info=\u00bb{}\u00bb title_text=\u00bbconsulting-7&#8243; background_image=\u00bbhttp:\/\/www.roofrental.es\/wp-content\/uploads\/2024\/04\/consulting-7.jpg\u00bb border_radii=\u00bbon|14px|14px|14px|14px\u00bb sticky_enabled=\u00bb0&#8243;][\/et_pb_column][et_pb_column type=\u00bb1_2&#8243; admin_label=\u00bbColumna\u00bb _builder_version=\u00bb4.27.0&#8243; _module_preset=\u00bbdefault\u00bb custom_padding=\u00bb|0px|||false|false\u00bb custom_padding_tablet=\u00bb|0%|||false|false\u00bb custom_padding_phone=\u00bb\u00bb custom_padding_last_edited=\u00bbon|tablet\u00bb hover_enabled=\u00bb0&#8243; global_colors_info=\u00bb{}\u00bb sticky_enabled=\u00bb0&#8243;][et_pb_text admin_label=\u00bbTexto\u00bb _builder_version=\u00bb4.27.0&#8243; _module_preset=\u00bb_initial\u00bb text_font=\u00bb||||||||\u00bb header_2_font=\u00bbInter|700|||||||\u00bb header_2_text_color=\u00bb#FFFFFF\u00bb header_2_font_size=\u00bb38px\u00bb header_2_line_height=\u00bb1.2em\u00bb max_width_tablet=\u00bb\u00bb max_width_phone=\u00bb90%\u00bb max_width_last_edited=\u00bbon|phone\u00bb custom_margin=\u00bb|-109px|10px||false|false\u00bb custom_padding=\u00bb|0px|16px|||\u00bb hover_enabled=\u00bb0&#8243; header_2_font_size_tablet=\u00bb32px\u00bb header_2_font_size_phone=\u00bb20px\u00bb header_2_font_size_last_edited=\u00bbon|desktop\u00bb global_colors_info=\u00bb{}\u00bb sticky_enabled=\u00bb0&#8243; header_text_color=\u00bb#E88B33&#8243;]<\/p>\n<h2 style=\"text-align: left;\"><strong><span style=\"color: #1f4f7f;\">\u00bfQu\u00e9 hacemos en Roofrental?<\/span><\/strong><\/h2>\n<p>[\/et_pb_text][et_pb_text _builder_version=\u00bb4.27.0&#8243; _module_preset=\u00bb_initial\u00bb text_font=\u00bbRoboto|300|on||||||\u00bb text_font_size=\u00bb17px\u00bb text_line_height=\u00bb1.8em\u00bb link_font=\u00bb||||on||||\u00bb width=\u00bb97.2%\u00bb max_width_tablet=\u00bb\u00bb max_width_phone=\u00bb90%\u00bb max_width_last_edited=\u00bbon|phone\u00bb custom_margin=\u00bb|0px|0px||false|false\u00bb custom_padding=\u00bb||0px|0px|false|false\u00bb hover_enabled=\u00bb0&#8243; text_font_size_tablet=\u00bb15px\u00bb text_font_size_phone=\u00bb14px\u00bb text_font_size_last_edited=\u00bbon|desktop\u00bb global_colors_info=\u00bb{}\u00bb sticky_enabled=\u00bb0&#8243; text_text_color=\u00bb#FFFFFF\u00bb background_layout=\u00bbdark\u00bb]<\/p>\n<p style=\"text-align: left;\"><span style=\"color: #ffffff;\">Trabajamos con personas que quieran acceder a una energ\u00eda m\u00e1s barata, m\u00e1s limpia y m\u00e1s local.<\/span><\/p>\n<p style=\"padding-left: 40px; text-align: left;\"><span style=\"color: #ffffff;\">Personas que quieran cuidar sus barrios y su planeta.<\/span><\/p>\n<p style=\"padding-left: 80px; text-align: left;\"><span style=\"color: #ffffff;\">Personas coherentes con lo que piensan, dicen y hacen.<\/span><\/p>\n<p>[\/et_pb_text][\/et_pb_column][\/et_pb_row][\/et_pb_section][et_pb_section fb_built=\u00bb1&#8243; admin_label=\u00bbTestimonial\u00bb _builder_version=\u00bb4.27.0&#8243; min_height=\u00bb511px\u00bb custom_padding=\u00bb100px||198px||false|false\u00bb hover_enabled=\u00bb0&#8243; global_colors_info=\u00bb{}\u00bb sticky_enabled=\u00bb0&#8243;][et_pb_row _builder_version=\u00bb4.24.2&#8243; _module_preset=\u00bbdefault\u00bb width=\u00bb60%\u00bb custom_padding=\u00bb||||false|false\u00bb global_colors_info=\u00bb{}\u00bb][et_pb_column type=\u00bb4_4&#8243; admin_label=\u00bbColumna\u00bb _builder_version=\u00bb4.24.0&#8243; _module_preset=\u00bbdefault\u00bb custom_padding=\u00bb|15%|||false|false\u00bb custom_padding_tablet=\u00bb|0%|||false|false\u00bb custom_padding_phone=\u00bb\u00bb custom_padding_last_edited=\u00bbon|tablet\u00bb global_colors_info=\u00bb{}\u00bb][et_pb_text content_tablet=\u00bb<\/p>\n<h2><span style=%22font-size: xx-large; color: #666666;%22>Tengan o no tejado<\/span><\/h2>\n<p>\u00bb content_phone=\u00bb<\/p>\n<h2><span style=%22font-size: xx-large; color: #666666;%22>Tengan o no tejado<\/span><\/h2>\n<p>\u00bb content_last_edited=\u00bbon|phone\u00bb admin_label=\u00bbTexto\u00bb _builder_version=\u00bb4.27.0&#8243; _module_preset=\u00bb_initial\u00bb text_font=\u00bb||||||||\u00bb header_2_font=\u00bbInter|700|||||||\u00bb header_2_text_color=\u00bb#1F4F7F\u00bb header_2_font_size=\u00bb38px\u00bb header_2_line_height=\u00bb1.2em\u00bb max_width_tablet=\u00bb\u00bb max_width_phone=\u00bb90%\u00bb max_width_last_edited=\u00bbon|phone\u00bb custom_margin=\u00bb|-109px|10px||false|false\u00bb custom_padding=\u00bb|0px|0px|||\u00bb hover_enabled=\u00bb0&#8243; text_font_size_tablet=\u00bb\u00bb text_font_size_phone=\u00bb10px\u00bb text_font_size_last_edited=\u00bbon|phone\u00bb header_font_size_tablet=\u00bb\u00bb header_font_size_phone=\u00bb10px\u00bb header_font_size_last_edited=\u00bbon|phone\u00bb header_2_font_size_tablet=\u00bb32px\u00bb header_2_font_size_phone=\u00bb10px\u00bb header_2_font_size_last_edited=\u00bbon|desktop\u00bb header_2_letter_spacing_tablet=\u00bb\u00bb header_2_letter_spacing_phone=\u00bb0px\u00bb header_2_letter_spacing_last_edited=\u00bbon|phone\u00bb global_colors_info=\u00bb{}\u00bb sticky_enabled=\u00bb0&#8243;]<\/p>\n<h2>Tengan o no tejado<\/h2>\n<p>[\/et_pb_text][et_pb_text _builder_version=\u00bb4.27.0&#8243; _module_preset=\u00bb_initial\u00bb text_font=\u00bbRoboto|300|||||||\u00bb text_font_size=\u00bb16px\u00bb text_line_height=\u00bb1.8em\u00bb link_font=\u00bb||||on||||\u00bb width=\u00bb100%\u00bb max_width_tablet=\u00bb\u00bb max_width_phone=\u00bb90%\u00bb max_width_last_edited=\u00bbon|phone\u00bb custom_margin=\u00bb26px|-134px|26px||true|\u00bb hover_enabled=\u00bb0&#8243; text_font_size_tablet=\u00bb15px\u00bb text_font_size_phone=\u00bb14px\u00bb text_font_size_last_edited=\u00bbon|desktop\u00bb global_colors_info=\u00bb{}\u00bb sticky_enabled=\u00bb0&#8243;]<\/p>\n<p>Porque con un tejado cada 2 kil\u00f3metros podemos llevar la energ\u00eda solar a todo el pa\u00eds.<\/p>\n<p style=\"padding-left: 40px;\">\n<p style=\"padding-left: 40px;\">Porque una <strong>energ\u00eda limpia, colaborativa y m\u00e1s accesible para todos<\/strong>, es la \u00fanica forma de transformar el sistema energ\u00e9tico vigente.<\/p>\n<p style=\"padding-left: 80px;\">\n<p style=\"padding-left: 80px;\">Porque creemos en la uni\u00f3n de tecnolog\u00eda, naturaleza y personas, en la creaci\u00f3n de un mundo mejor.<\/p>\n<p>[\/et_pb_text][\/et_pb_column][\/et_pb_row][et_pb_row column_structure=\u00bb1_2,1_2&#8243; _builder_version=\u00bb4.27.0&#8243; _module_preset=\u00bbdefault\u00bb custom_padding=\u00bb90px||||false|false\u00bb hover_enabled=\u00bb0&#8243; global_colors_info=\u00bb{}\u00bb width=\u00bb70%\u00bb sticky_enabled=\u00bb0&#8243;][et_pb_column type=\u00bb1_2&#8243; _builder_version=\u00bb4.24.2&#8243; _module_preset=\u00bbdefault\u00bb global_colors_info=\u00bb{}\u00bb][et_pb_image src=\u00bbhttp:\/\/www.roofrental.es\/wp-content\/uploads\/2024\/04\/Proyecto-nuevo-9.jpg\u00bb title_text=\u00bbProyecto nuevo (9)\u00bb _builder_version=\u00bb4.27.0&#8243; _module_preset=\u00bbdefault\u00bb global_colors_info=\u00bb{}\u00bb][\/et_pb_image][\/et_pb_column][et_pb_column type=\u00bb1_2&#8243; _builder_version=\u00bb4.24.2&#8243; _module_preset=\u00bbdefault\u00bb global_colors_info=\u00bb{}\u00bb][et_pb_text admin_label=\u00bbTexto\u00bb _builder_version=\u00bb4.27.0&#8243; _module_preset=\u00bb_initial\u00bb text_font=\u00bb||||||||\u00bb header_2_font=\u00bbInter|700|||||||\u00bb header_2_text_color=\u00bb#1F4F7F\u00bb header_2_font_size=\u00bb38px\u00bb header_2_line_height=\u00bb1.2em\u00bb custom_margin=\u00bb|-109px|10px||false|false\u00bb custom_padding=\u00bb|0px|16px|||\u00bb hover_enabled=\u00bb0&#8243; header_2_font_size_tablet=\u00bb32px\u00bb header_2_font_size_phone=\u00bb20px\u00bb header_2_font_size_last_edited=\u00bbon|desktop\u00bb global_colors_info=\u00bb{}\u00bb sticky_enabled=\u00bb0&#8243;]<\/p>\n<h2 style=\"text-align: left;\"><strong>\u00bfTe apuntas?<\/strong><\/h2>\n<p>[\/et_pb_text][et_pb_text _builder_version=\u00bb4.27.0&#8243; _module_preset=\u00bb_initial\u00bb text_font=\u00bbRoboto|300|||||||\u00bb text_font_size=\u00bb16px\u00bb text_line_height=\u00bb1.8em\u00bb link_font=\u00bb||||on||||\u00bb width=\u00bb100%\u00bb custom_margin=\u00bb|-134px|34px|||\u00bb hover_enabled=\u00bb0&#8243; text_font_size_tablet=\u00bb15px\u00bb text_font_size_phone=\u00bb14px\u00bb text_font_size_last_edited=\u00bbon|desktop\u00bb global_colors_info=\u00bb{}\u00bb sticky_enabled=\u00bb0&#8243;]<\/p>\n<p>En el cambio a la energ\u00eda limpia, una persona, sola, puede llegar antes. Pero juntos llegamos mucho m\u00e1s lejos.<\/p>\n<p>[\/et_pb_text][et_pb_button button_url=\u00bbhttps:\/\/3xr7wastvfr.typeform.com\/to\/F4Zr33q1&#8243; url_new_window=\u00bbon\u00bb button_text=\u00bbContacto\u00bb _builder_version=\u00bb4.27.0&#8243; _module_preset=\u00bbdefault\u00bb custom_button=\u00bbon\u00bb button_text_color=\u00bb#FFFFFF\u00bb button_bg_color=\u00bb#E88B33&#8243; button_border_radius=\u00bb29px\u00bb button_letter_spacing=\u00bb2px\u00bb button_icon=\u00bb&#x24;||divi||400&#8243; button_icon_color=\u00bb#FFFFFF\u00bb hover_enabled=\u00bb0&#8243; global_colors_info=\u00bb{}\u00bb button_alignment=\u00bbcenter\u00bb sticky_enabled=\u00bb0&#8243;][\/et_pb_button][\/et_pb_column][\/et_pb_row][\/et_pb_section]<\/p>\n","protected":false},"excerpt":{"rendered":"<p>\u00a0 \u00a0\u00bfQuienes somos?Impulsamos Comunidades a tu medida. Trabajamos para que la energ\u00eda limpia est\u00e9 al alcance de todos. Tengas o no tejado. Existimos porque necesitamos modificar nuestra relaci\u00f3n actual con la energ\u00eda que consumimos. Impulsamos comunidades para que vecinos, empresas y ayuntamientos puedan disfrutar de energ\u00eda solar, en las mejores condiciones para cada caso.\u00bfQu\u00e9 hacemos [&hellip;]<\/p>\n","protected":false},"author":1,"featured_media":0,"parent":0,"menu_order":0,"comment_status":"closed","ping_status":"closed","template":"","meta":{"_et_pb_use_builder":"on","_et_pb_old_content":"","_et_gb_content_width":"","footnotes":""},"class_list":["post-278019","page","type-page","status-publish","hentry"],"_links":{"self":[{"href":"https:\/\/www.roofrental.es\/index.php?rest_route=\/wp\/v2\/pages\/278019","targetHints":{"allow":["GET"]}}],"collection":[{"href":"https:\/\/www.roofrental.es\/index.php?rest_route=\/wp\/v2\/pages"}],"about":[{"href":"https:\/\/www.roofrental.es\/index.php?rest_route=\/wp\/v2\/types\/page"}],"author":[{"embeddable":true,"href":"https:\/\/www.roofrental.es\/index.php?rest_route=\/wp\/v2\/users\/1"}],"replies":[{"embeddable":true,"href":"https:\/\/www.roofrental.es\/index.php?rest_route=%2Fwp%2Fv2%2Fcomments&post=278019"}],"version-history":[{"count":13,"href":"https:\/\/www.roofrental.es\/index.php?rest_route=\/wp\/v2\/pages\/278019\/revisions"}],"predecessor-version":[{"id":278091,"href":"https:\/\/www.roofrental.es\/index.php?rest_route=\/wp\/v2\/pages\/278019\/revisions\/278091"}],"wp:attachment":[{"href":"https:\/\/www.roofrental.es\/index.php?rest_route=%2Fwp%2Fv2%2Fmedia&parent=278019"}],"curies":[{"name":"wp","href":"https:\/\/api.w.org\/{rel}","templated":true}]}}